{"id":1408,"date":"2020-10-14T04:24:49","date_gmt":"2020-10-14T08:24:49","guid":{"rendered":"https:\/\/dynastymeats.com\/home\/"},"modified":"2025-12-09T18:07:53","modified_gmt":"2025-12-09T23:07:53","slug":"accueil","status":"publish","type":"page","link":"https:\/\/dynastymeats.com\/fr\/","title":{"rendered":"Accueil"},"content":{"rendered":"\t\t<div data-elementor-type=\"wp-page\" data-elementor-id=\"1408\" class=\"elementor elementor-1408 elementor-381\" data-elementor-post-type=\"page\">\n\t\t\t\t\t\t<section class=\"elementor-section elementor-top-section elementor-element elementor-element-ca149a9 elementor-reverse-mobile elementor-section-boxed elementor-section-height-default elementor-section-height-default\" data-id=\"ca149a9\" data-element_type=\"section\" data-e-type=\"section\" data-settings=\"{&quot;background_background&quot;:&quot;classic&quot;}\">\n\t\t\t\t\t\t<div class=\"elementor-container elementor-column-gap-default\">\n\t\t\t\t\t<div class=\"elementor-column elementor-col-50 elementor-top-column elementor-element elementor-element-beb6b95\" data-id=\"beb6b95\" data-element_type=\"column\" data-e-type=\"column\">\n\t\t\t<div class=\"elementor-widget-wrap elementor-element-populated\">\n\t\t\t\t\t\t<div class=\"elementor-element elementor-element-c9affbb elementor-widget elementor-widget-heading\" data-id=\"c9affbb\" data-element_type=\"widget\" data-e-type=\"widget\" data-widget_type=\"heading.default\">\n\t\t\t\t<div class=\"elementor-widget-container\">\n\t\t\t\t\t<h1 class=\"elementor-heading-title elementor-size-default\">Parcourez le monde dans votre cour avec des brochettes d\u2019agneau \u00e0 la chinoise authentiques!<\/h1>\t\t\t\t<\/div>\n\t\t\t\t<\/div>\n\t\t\t\t<div class=\"elementor-element elementor-element-74a82a2 elementor-widget elementor-widget-text-editor\" data-id=\"74a82a2\" data-element_type=\"widget\" data-e-type=\"widget\" data-widget_type=\"text-editor.default\">\n\t\t\t\t<div class=\"elementor-widget-container\">\n\t\t\t\t\t\t\t\t\tUne recette authentique inspir\u00e9e par la cuisine de rue traditionnelle du nord de la Chine qui combine des saveurs l\u00e9g\u00e8rement \u00e9pic\u00e9es, uniques et distinctes avec de l\u2019agneau juteux et tendre. Pr\u00eat en moins de 10 minutes sur le barbecue ou \u00e0 la po\u00eale!\t\t\t\t\t\t\t\t<\/div>\n\t\t\t\t<\/div>\n\t\t\t\t<div class=\"elementor-element elementor-element-d01206f elementor-widget elementor-widget-heading\" data-id=\"d01206f\" data-element_type=\"widget\" data-e-type=\"widget\" data-widget_type=\"heading.default\">\n\t\t\t\t<div class=\"elementor-widget-container\">\n\t\t\t\t\t<h2 class=\"elementor-heading-title elementor-size-default\">\u5728\u4f60\u7684\u5f8c\u9662\u7a7f\u8d8a\u4e16\u754c\u4eab\u7528\u6b63\u5b97\u4e2d\u570b\u7f8a\u8089\u4e32\uff0c\u67d4\u5ae9\u591a\u6c41\u7684\u7f8a\u8089\u878d\u5408\u5fae\u8fa3\u53ca\u7368\u7279\u7684\u98a8\u5473\uff0c\u71d2\u70e4\u6216\u714e\u7092\u5c11\u65bc\u5341\u5206\u9418\u4fbf\u53ef\u4ee5\u4eab\u7528\u3002<\/h2>\t\t\t\t<\/div>\n\t\t\t\t<\/div>\n\t\t\t\t<div class=\"elementor-element elementor-element-08afcf1 elementor-widget elementor-widget-button\" data-id=\"08afcf1\" data-element_type=\"widget\" data-e-type=\"widget\" data-widget_type=\"button.default\">\n\t\t\t\t<div class=\"elementor-widget-container\">\n\t\t\t\t\t\t\t\t\t<div class=\"elementor-button-wrapper\">\n\t\t\t\t\t<a class=\"elementor-button elementor-button-link elementor-size-sm\" href=\"\/fr\/nos-produits\/brochettes-dagneau-300-g-10-brochettes\/\" aria-label=\"Apprendre plus\" title=\"Brochettes d\u2019agneau \u2013 300 g 10 brochettes\">\n\t\t\t\t\t\t<span class=\"elementor-button-content-wrapper\">\n\t\t\t\t\t\t\t\t\t<span class=\"elementor-button-text\">Apprendre plus<\/span>\n\t\t\t\t\t<\/span>\n\t\t\t\t\t<\/a>\n\t\t\t\t<\/div>\n\t\t\t\t\t\t\t\t<\/div>\n\t\t\t\t<\/div>\n\t\t\t\t\t<\/div>\n\t\t<\/div>\n\t\t\t\t<div class=\"elementor-column elementor-col-50 elementor-top-column elementor-element elementor-element-27eb2bc\" data-id=\"27eb2bc\" data-element_type=\"column\" data-e-type=\"column\">\n\t\t\t<div class=\"elementor-widget-wrap\">\n\t\t\t\t\t\t\t<\/div>\n\t\t<\/div>\n\t\t\t\t\t<\/div>\n\t\t<\/section>\n\t\t\t\t<section class=\"elementor-section elementor-top-section elementor-element elementor-element-67903f8 elementor-section-boxed elementor-section-height-default elementor-section-height-default\" data-id=\"67903f8\" data-element_type=\"section\" data-e-type=\"section\" data-settings=\"{&quot;background_background&quot;:&quot;classic&quot;}\">\n\t\t\t\t\t\t\t<div class=\"elementor-background-overlay\"><\/div>\n\t\t\t\t\t\t\t<div class=\"elementor-container elementor-column-gap-default\">\n\t\t\t\t\t<div class=\"elementor-column elementor-col-100 elementor-top-column elementor-element elementor-element-da2d0b0\" data-id=\"da2d0b0\" data-element_type=\"column\" data-e-type=\"column\">\n\t\t\t<div class=\"elementor-widget-wrap elementor-element-populated\">\n\t\t\t\t\t\t<div class=\"elementor-element elementor-element-7808bb6 elementor-widget elementor-widget-heading\" data-id=\"7808bb6\" data-element_type=\"widget\" data-e-type=\"widget\" data-widget_type=\"heading.default\">\n\t\t\t\t<div class=\"elementor-widget-container\">\n\t\t\t\t\t<h2 class=\"elementor-heading-title elementor-size-default\">La combinaison parfaite d'\u00e9pices pour des brochettes d'agneau traditionnelles savoureuses.<\/h2>\t\t\t\t<\/div>\n\t\t\t\t<\/div>\n\t\t\t\t<div class=\"elementor-element elementor-element-61d7ca7 elementor-widget elementor-widget-heading\" data-id=\"61d7ca7\" data-element_type=\"widget\" data-e-type=\"widget\" data-widget_type=\"heading.default\">\n\t\t\t\t<div class=\"elementor-widget-container\">\n\t\t\t\t\t<h2 class=\"elementor-heading-title elementor-size-default\">\u7f8e\u5473\u50b3\u7d71\u7f8a\u8089\u4e32\u8207\u9999\u6599\u4e4b\u5b8c\u7f8e\u7d50\u5408 \u2022 \u7f8e\u5473\u4f20\u7edf\u7f8a\u8089\u4e32\u4e0e\u9999\u6599\u4e4b\u5b8c\u7f8e\u7ed3\u5408<\/h2>\t\t\t\t<\/div>\n\t\t\t\t<\/div>\n\t\t\t\t\t<\/div>\n\t\t<\/div>\n\t\t\t\t\t<\/div>\n\t\t<\/section>\n\t\t\t\t<section class=\"elementor-section elementor-top-section elementor-element elementor-element-102c1459 elementor-section-content-top elementor-reverse-mobile elementor-section-boxed elementor-section-height-default elementor-section-height-default\" data-id=\"102c1459\" data-element_type=\"section\" data-e-type=\"section\" data-settings=\"{&quot;background_background&quot;:&quot;classic&quot;}\">\n\t\t\t\t\t\t<div class=\"elementor-container elementor-column-gap-default\">\n\t\t\t\t\t<div class=\"elementor-column elementor-col-100 elementor-top-column elementor-element elementor-element-5c03bc4\" data-id=\"5c03bc4\" data-element_type=\"column\" data-e-type=\"column\">\n\t\t\t<div class=\"elementor-widget-wrap elementor-element-populated\">\n\t\t\t\t\t\t<section class=\"elementor-section elementor-inner-section elementor-element elementor-element-a8a32aa elementor-section-boxed elementor-section-height-default elementor-section-height-default\" data-id=\"a8a32aa\" data-element_type=\"section\" data-e-type=\"section\">\n\t\t\t\t\t\t<div class=\"elementor-container elementor-column-gap-default\">\n\t\t\t\t\t<div class=\"elementor-column elementor-col-50 elementor-inner-column elementor-element elementor-element-4f66164\" data-id=\"4f66164\" data-element_type=\"column\" data-e-type=\"column\">\n\t\t\t<div class=\"elementor-widget-wrap elementor-element-populated\">\n\t\t\t\t\t\t<div class=\"elementor-element elementor-element-35ae064 elementor-widget elementor-widget-heading\" data-id=\"35ae064\" data-element_type=\"widget\" data-e-type=\"widget\" data-widget_type=\"heading.default\">\n\t\t\t\t<div class=\"elementor-widget-container\">\n\t\t\t\t\t<h1 class=\"elementor-heading-title elementor-size-default\">Brochettes d'agneau asiatiques<\/h1>\t\t\t\t<\/div>\n\t\t\t\t<\/div>\n\t\t\t\t<div class=\"elementor-element elementor-element-1d19cb82 elementor-widget elementor-widget-text-editor\" data-id=\"1d19cb82\" data-element_type=\"widget\" data-e-type=\"widget\" data-widget_type=\"text-editor.default\">\n\t\t\t\t<div class=\"elementor-widget-container\">\n\t\t\t\t\t\t\t\t\tDes morceaux tendres et juteux d&rsquo;agneau assaisonn\u00e9, pr\u00e9par\u00e9s simplement et pr\u00eats en quelques minutes. Une chaleur douce avec une saveur distincte.\t\t\t\t\t\t\t\t<\/div>\n\t\t\t\t<\/div>\n\t\t\t\t<div class=\"elementor-element elementor-element-7054241 elementor-widget elementor-widget-button\" data-id=\"7054241\" data-element_type=\"widget\" data-e-type=\"widget\" data-widget_type=\"button.default\">\n\t\t\t\t<div class=\"elementor-widget-container\">\n\t\t\t\t\t\t\t\t\t<div class=\"elementor-button-wrapper\">\n\t\t\t\t\t<a class=\"elementor-button elementor-button-link elementor-size-sm\" href=\"\/fr\/nos-produits\/brochettes-dagneau-300-g-10-brochettes\/\" aria-label=\"Voir le produit\" title=\"Brochettes d\u2019agneau \u2013 300 g 10 brochettes\">\n\t\t\t\t\t\t<span class=\"elementor-button-content-wrapper\">\n\t\t\t\t\t\t\t\t\t<span class=\"elementor-button-text\">Voir le produit<\/span>\n\t\t\t\t\t<\/span>\n\t\t\t\t\t<\/a>\n\t\t\t\t<\/div>\n\t\t\t\t\t\t\t\t<\/div>\n\t\t\t\t<\/div>\n\t\t\t\t\t<\/div>\n\t\t<\/div>\n\t\t\t\t<div class=\"elementor-column elementor-col-50 elementor-inner-column elementor-element elementor-element-f755167\" data-id=\"f755167\" data-element_type=\"column\" data-e-type=\"column\">\n\t\t\t<div class=\"elementor-widget-wrap elementor-element-populated\">\n\t\t\t\t\t\t<div class=\"elementor-element elementor-element-f7e5921 elementor-widget elementor-widget-image\" data-id=\"f7e5921\" data-element_type=\"widget\" data-e-type=\"widget\" data-widget_type=\"image.default\">\n\t\t\t\t<div class=\"elementor-widget-container\">\n\t\t\t\t\t\t\t\t\t\t\t\t\t\t\t<img fetchpriority=\"high\" decoding=\"async\" width=\"1000\" height=\"660\" src=\"https:\/\/dynastymeats.com\/wp-content\/uploads\/2022\/04\/asian-lamb-skewers-1000x660-1.png\" class=\"attachment-large size-large wp-image-2477\" alt=\"Brochettes d&#039;agneau asiatiques sur une planche en bambou\" srcset=\"https:\/\/dynastymeats.com\/wp-content\/uploads\/2022\/04\/asian-lamb-skewers-1000x660-1.png 1000w, https:\/\/dynastymeats.com\/wp-content\/uploads\/2022\/04\/asian-lamb-skewers-1000x660-1-300x198.png 300w, https:\/\/dynastymeats.com\/wp-content\/uploads\/2022\/04\/asian-lamb-skewers-1000x660-1-768x507.png 768w\" sizes=\"(max-width: 1000px) 100vw, 1000px\" title=\"Brochettes d&#039;agneau asiatiques sur une planche en bambou\" \/>\t\t\t\t\t\t\t\t\t\t\t\t\t\t\t<\/div>\n\t\t\t\t<\/div>\n\t\t\t\t\t<\/div>\n\t\t<\/div>\n\t\t\t\t\t<\/div>\n\t\t<\/section>\n\t\t\t\t\t<\/div>\n\t\t<\/div>\n\t\t\t\t\t<\/div>\n\t\t<\/section>\n\t\t\t\t<\/div>\n\t\t","protected":false},"excerpt":{"rendered":"<p>Parcourez le monde dans votre cour avec des brochettes d\u2019agneau \u00e0 la chinoise authentiques! Une recette authentique inspir\u00e9e par la cuisine de rue traditionnelle du nord de la Chine qui combine des saveurs l\u00e9g\u00e8rement \u00e9pic\u00e9es, uniques et distinctes avec de l\u2019agneau juteux et tendre. Pr\u00eat en moins de 10 minutes sur le barbecue ou \u00e0 [&hellip;]<\/p>\n","protected":false},"author":3,"featured_media":0,"parent":0,"menu_order":1,"comment_status":"closed","ping_status":"closed","template":"","meta":{"site-sidebar-layout":"no-sidebar","site-content-layout":"page-builder","ast-site-content-layout":"default","site-content-style":"default","site-sidebar-style":"default","ast-global-header-display":"","ast-banner-title-visibility":"","ast-main-header-display":"","ast-hfb-above-header-display":"","ast-hfb-below-header-display":"","ast-hfb-mobile-header-display":"","site-post-title":"disabled","ast-breadcrumbs-content":"","ast-featured-img":"disabled","footer-sml-layout":"","ast-disable-related-posts":"","theme-transparent-header-meta":"enabled","adv-header-id-meta":"","stick-header-meta":"","header-above-stick-meta":"","header-main-stick-meta":"","header-below-stick-meta":"","astra-migrate-meta-layouts":"default","ast-page-background-enabled":"default","ast-page-background-meta":{"desktop":{"background-color":"","background-image":"","background-repeat":"repeat","background-position":"center center","background-size":"auto","background-attachment":"scroll","background-type":"","background-media":"","overlay-type":"","overlay-color":"","overlay-opacity":"","overlay-gradient":""},"tablet":{"background-color":"","background-image":"","background-repeat":"repeat","background-position":"center center","background-size":"auto","background-attachment":"scroll","background-type":"","background-media":"","overlay-type":"","overlay-color":"","overlay-opacity":"","overlay-gradient":""},"mobile":{"background-color":"","background-image":"","background-repeat":"repeat","background-position":"center center","background-size":"auto","background-attachment":"scroll","background-type":"","background-media":"","overlay-type":"","overlay-color":"","overlay-opacity":"","overlay-gradient":""}},"ast-content-background-meta":{"desktop":{"background-color":"var(--ast-global-color-5)","background-image":"","background-repeat":"repeat","background-position":"center center","background-size":"auto","background-attachment":"scroll","background-type":"","background-media":"","overlay-type":"","overlay-color":"","overlay-opacity":"","overlay-gradient":""},"tablet":{"background-color":"var(--ast-global-color-5)","background-image":"","background-repeat":"repeat","background-position":"center center","background-size":"auto","background-attachment":"scroll","background-type":"","background-media":"","overlay-type":"","overlay-color":"","overlay-opacity":"","overlay-gradient":""},"mobile":{"background-color":"var(--ast-global-color-5)","background-image":"","background-repeat":"repeat","background-position":"center center","background-size":"auto","background-attachment":"scroll","background-type":"","background-media":"","overlay-type":"","overlay-color":"","overlay-opacity":"","overlay-gradient":""}},"footnotes":""},"class_list":["post-1408","page","type-page","status-publish","hentry"],"yoast_head":"<!-- This site is optimized with the Yoast SEO plugin v27.4 - https:\/\/yoast.com\/product\/yoast-seo-wordpress\/ -->\n<title>Brochettes d\u2019agneau \u00e0 la chinoise authentiques - Dynasty Meats<\/title>\n<meta name=\"description\" content=\"Brochettes d\u2019agneau \u00e0 la chinoise authentiques. La combinaison parfaite d&#039;\u00e9pices pour des brochettes d&#039;agneau traditionnelles savoureuses.\" \/>\n<meta name=\"robots\" content=\"index, follow, max-snippet:-1, max-image-preview:large, max-video-preview:-1\" \/>\n<link rel=\"canonical\" href=\"https:\/\/dynastymeats.com\/\" \/>\n<meta property=\"og:locale\" content=\"fr_FR\" \/>\n<meta property=\"og:type\" content=\"article\" \/>\n<meta property=\"og:title\" content=\"Brochettes d\u2019agneau \u00e0 la chinoise authentiques - Dynasty Meats\" \/>\n<meta property=\"og:description\" content=\"Brochettes d\u2019agneau \u00e0 la chinoise authentiques. La combinaison parfaite d&#039;\u00e9pices pour des brochettes d&#039;agneau traditionnelles savoureuses.\" \/>\n<meta property=\"og:url\" content=\"https:\/\/dynastymeats.com\/\" \/>\n<meta property=\"og:site_name\" content=\"Dynasty Meats\" \/>\n<meta property=\"article:modified_time\" content=\"2025-12-09T23:07:53+00:00\" \/>\n<meta property=\"og:image\" content=\"https:\/\/dynastymeats.com\/wp-content\/uploads\/2022\/04\/asian-lamb-skewers-1000x660-1.png\" \/>\n\t<meta property=\"og:image:width\" content=\"1000\" \/>\n\t<meta property=\"og:image:height\" content=\"660\" \/>\n\t<meta property=\"og:image:type\" content=\"image\/png\" \/>\n<meta name=\"twitter:card\" content=\"summary_large_image\" \/>\n<meta name=\"twitter:label1\" content=\"Dur\u00e9e de lecture estim\u00e9e\" \/>\n\t<meta name=\"twitter:data1\" content=\"1 minute\" \/>\n<script type=\"application\/ld+json\" class=\"yoast-schema-graph\">{\"@context\":\"https:\\\/\\\/schema.org\",\"@graph\":[{\"@type\":\"WebPage\",\"@id\":\"https:\\\/\\\/dynastymeats.com\\\/\",\"url\":\"https:\\\/\\\/dynastymeats.com\\\/\",\"name\":\"Brochettes d\u2019agneau \u00e0 la chinoise authentiques - Dynasty Meats\",\"isPartOf\":{\"@id\":\"https:\\\/\\\/dynastymeats.com\\\/#website\"},\"primaryImageOfPage\":{\"@id\":\"https:\\\/\\\/dynastymeats.com\\\/#primaryimage\"},\"image\":{\"@id\":\"https:\\\/\\\/dynastymeats.com\\\/#primaryimage\"},\"thumbnailUrl\":\"https:\\\/\\\/dynastymeats.com\\\/wp-content\\\/uploads\\\/2022\\\/04\\\/asian-lamb-skewers-1000x660-1.png\",\"datePublished\":\"2020-10-14T08:24:49+00:00\",\"dateModified\":\"2025-12-09T23:07:53+00:00\",\"description\":\"Brochettes d\u2019agneau \u00e0 la chinoise authentiques. La combinaison parfaite d'\u00e9pices pour des brochettes d'agneau traditionnelles savoureuses.\",\"breadcrumb\":{\"@id\":\"https:\\\/\\\/dynastymeats.com\\\/#breadcrumb\"},\"inLanguage\":\"fr-FR\",\"potentialAction\":[{\"@type\":\"ReadAction\",\"target\":[\"https:\\\/\\\/dynastymeats.com\\\/\"]}]},{\"@type\":\"ImageObject\",\"inLanguage\":\"fr-FR\",\"@id\":\"https:\\\/\\\/dynastymeats.com\\\/#primaryimage\",\"url\":\"https:\\\/\\\/dynastymeats.com\\\/wp-content\\\/uploads\\\/2022\\\/04\\\/asian-lamb-skewers-1000x660-1.png\",\"contentUrl\":\"https:\\\/\\\/dynastymeats.com\\\/wp-content\\\/uploads\\\/2022\\\/04\\\/asian-lamb-skewers-1000x660-1.png\"},{\"@type\":\"BreadcrumbList\",\"@id\":\"https:\\\/\\\/dynastymeats.com\\\/#breadcrumb\",\"itemListElement\":[{\"@type\":\"ListItem\",\"position\":1,\"name\":\"Accueil\",\"item\":\"https:\\\/\\\/dynastymeats.com\\\/\"},{\"@type\":\"ListItem\",\"position\":2,\"name\":\"Accueil\"}]},{\"@type\":\"WebSite\",\"@id\":\"https:\\\/\\\/dynastymeats.com\\\/#website\",\"url\":\"https:\\\/\\\/dynastymeats.com\\\/\",\"name\":\"Dynasty Meats\",\"description\":\"Brochettes d\u2019agneau \u00e0 la chinoise authentiques!\",\"potentialAction\":[{\"@type\":\"SearchAction\",\"target\":{\"@type\":\"EntryPoint\",\"urlTemplate\":\"https:\\\/\\\/dynastymeats.com\\\/?s={search_term_string}\"},\"query-input\":{\"@type\":\"PropertyValueSpecification\",\"valueRequired\":true,\"valueName\":\"search_term_string\"}}],\"inLanguage\":\"fr-FR\"}]}<\/script>\n<!-- \/ Yoast SEO plugin. -->","yoast_head_json":{"title":"Brochettes d\u2019agneau \u00e0 la chinoise authentiques - Dynasty Meats","description":"Brochettes d\u2019agneau \u00e0 la chinoise authentiques. La combinaison parfaite d'\u00e9pices pour des brochettes d'agneau traditionnelles savoureuses.","robots":{"index":"index","follow":"follow","max-snippet":"max-snippet:-1","max-image-preview":"max-image-preview:large","max-video-preview":"max-video-preview:-1"},"canonical":"https:\/\/dynastymeats.com\/","og_locale":"fr_FR","og_type":"article","og_title":"Brochettes d\u2019agneau \u00e0 la chinoise authentiques - Dynasty Meats","og_description":"Brochettes d\u2019agneau \u00e0 la chinoise authentiques. La combinaison parfaite d'\u00e9pices pour des brochettes d'agneau traditionnelles savoureuses.","og_url":"https:\/\/dynastymeats.com\/","og_site_name":"Dynasty Meats","article_modified_time":"2025-12-09T23:07:53+00:00","og_image":[{"width":1000,"height":660,"url":"https:\/\/dynastymeats.com\/wp-content\/uploads\/2022\/04\/asian-lamb-skewers-1000x660-1.png","type":"image\/png"}],"twitter_card":"summary_large_image","twitter_misc":{"Dur\u00e9e de lecture estim\u00e9e":"1 minute"},"schema":{"@context":"https:\/\/schema.org","@graph":[{"@type":"WebPage","@id":"https:\/\/dynastymeats.com\/","url":"https:\/\/dynastymeats.com\/","name":"Brochettes d\u2019agneau \u00e0 la chinoise authentiques - Dynasty Meats","isPartOf":{"@id":"https:\/\/dynastymeats.com\/#website"},"primaryImageOfPage":{"@id":"https:\/\/dynastymeats.com\/#primaryimage"},"image":{"@id":"https:\/\/dynastymeats.com\/#primaryimage"},"thumbnailUrl":"https:\/\/dynastymeats.com\/wp-content\/uploads\/2022\/04\/asian-lamb-skewers-1000x660-1.png","datePublished":"2020-10-14T08:24:49+00:00","dateModified":"2025-12-09T23:07:53+00:00","description":"Brochettes d\u2019agneau \u00e0 la chinoise authentiques. La combinaison parfaite d'\u00e9pices pour des brochettes d'agneau traditionnelles savoureuses.","breadcrumb":{"@id":"https:\/\/dynastymeats.com\/#breadcrumb"},"inLanguage":"fr-FR","potentialAction":[{"@type":"ReadAction","target":["https:\/\/dynastymeats.com\/"]}]},{"@type":"ImageObject","inLanguage":"fr-FR","@id":"https:\/\/dynastymeats.com\/#primaryimage","url":"https:\/\/dynastymeats.com\/wp-content\/uploads\/2022\/04\/asian-lamb-skewers-1000x660-1.png","contentUrl":"https:\/\/dynastymeats.com\/wp-content\/uploads\/2022\/04\/asian-lamb-skewers-1000x660-1.png"},{"@type":"BreadcrumbList","@id":"https:\/\/dynastymeats.com\/#breadcrumb","itemListElement":[{"@type":"ListItem","position":1,"name":"Accueil","item":"https:\/\/dynastymeats.com\/"},{"@type":"ListItem","position":2,"name":"Accueil"}]},{"@type":"WebSite","@id":"https:\/\/dynastymeats.com\/#website","url":"https:\/\/dynastymeats.com\/","name":"Dynasty Meats","description":"Brochettes d\u2019agneau \u00e0 la chinoise authentiques!","potentialAction":[{"@type":"SearchAction","target":{"@type":"EntryPoint","urlTemplate":"https:\/\/dynastymeats.com\/?s={search_term_string}"},"query-input":{"@type":"PropertyValueSpecification","valueRequired":true,"valueName":"search_term_string"}}],"inLanguage":"fr-FR"}]}},"_links":{"self":[{"href":"https:\/\/dynastymeats.com\/fr\/wp-json\/wp\/v2\/pages\/1408","targetHints":{"allow":["GET"]}}],"collection":[{"href":"https:\/\/dynastymeats.com\/fr\/wp-json\/wp\/v2\/pages"}],"about":[{"href":"https:\/\/dynastymeats.com\/fr\/wp-json\/wp\/v2\/types\/page"}],"author":[{"embeddable":true,"href":"https:\/\/dynastymeats.com\/fr\/wp-json\/wp\/v2\/users\/3"}],"replies":[{"embeddable":true,"href":"https:\/\/dynastymeats.com\/fr\/wp-json\/wp\/v2\/comments?post=1408"}],"version-history":[{"count":42,"href":"https:\/\/dynastymeats.com\/fr\/wp-json\/wp\/v2\/pages\/1408\/revisions"}],"predecessor-version":[{"id":3620,"href":"https:\/\/dynastymeats.com\/fr\/wp-json\/wp\/v2\/pages\/1408\/revisions\/3620"}],"wp:attachment":[{"href":"https:\/\/dynastymeats.com\/fr\/wp-json\/wp\/v2\/media?parent=1408"}],"curies":[{"name":"wp","href":"https:\/\/api.w.org\/{rel}","templated":true}]}}